{"id":1538,"date":"2018-09-10T12:46:43","date_gmt":"2018-09-10T12:46:43","guid":{"rendered":"http:\/\/law-firm.bold-themes.com\/master-import\/?page_id=7"},"modified":"2025-10-07T02:13:46","modified_gmt":"2025-10-07T02:13:46","slug":"home","status":"publish","type":"page","link":"https:\/\/vinculacion.iimas.unam.mx\/","title":{"rendered":"Inicio"},"content":{"rendered":"<section data-bb-version=\"5.4.7\" id=\"bt_bb_section69ed3c3c34bcb\" class=\"bt_bb_section bt_bb_color_scheme_8 bt_bb_layout_boxed_1200 bt_bb_vertical_align_top bt_bb_bottom_section_coverage_image bt_bb_section_with_bottom_coverage_image bt_bb_top_spacing_none bt_bb_bottom_spacing_none bt_bb_section_allow_content_outside\" style=\"; --section-primary-color:#050544; --section-secondary-color:#ffffff;;background-color:rgb(239,239,239);\" data-bt-override-class=\"{&quot;bt_bb_top_spacing_&quot;:{&quot;current_class&quot;:&quot;bt_bb_top_spacing_none&quot;,&quot;def&quot;:&quot;none&quot;},&quot;bt_bb_bottom_spacing_&quot;:{&quot;current_class&quot;:&quot;bt_bb_bottom_spacing_none&quot;,&quot;def&quot;:&quot;none&quot;},&quot;bt_bb_animation_&quot;:{&quot;current_class&quot;:&quot;bt_bb_animation_no_animation&quot;,&quot;def&quot;:&quot;no_animation&quot;}}\"><div class=\"bt_bb_port\"><div class=\"bt_bb_cell\"><div class=\"bt_bb_cell_inner\"><div data-bb-version=\"5.4.7\" class=\"bt_bb_row \"  data-bt-override-class=\"{}\"><div class=\"bt_bb_row_holder\" ><div data-bb-version=\"5.4.7\"  class=\"bt_bb_column col-xxl-12 col-xl-12 col-xs-12 col-sm-12 col-md-12 col-lg-12 bt_bb_vertical_align_top bt_bb_align_left bt_bb_padding_normal\" style=\"; --column-width:12;\" data-width=\"12\" data-bt-override-class=\"{}\"><div class=\"bt_bb_column_content\"><div class=\"bt_bb_column_content_inner\"><div class=\"bt_bb_shortcode\">\n\t\t\t\t<p class=\"rs-p-wp-fix\"><\/p>\n\t\t\t\t<sr7-module data-alias=\"home-iimas\" data-id=\"2\" id=\"SR7_2_1\" class=\"rs-ov-hidden\" data-version=\"6.7.54\">\n\t\t\t\t\t<sr7-adjuster><\/sr7-adjuster>\n\t\t\t\t\t<sr7-content>\n\t\t\t\t\t\t<sr7-slide id=\"SR7_2_1-11\" data-key=\"11\">\n\t\t\t\t\t\t\t<sr7-bg id=\"SR7_2_1-11-39\" class=\"sr7-layer\"><noscript><img decoding=\"async\" src=\"https:\/\/vinculacion.iimas.unam.mx\/wp-content\/uploads\/revslider\/home-iimas\/header-convocatoria-hd.jpeg\" alt=\"\" title=\"header-convocatoria-hd.jpeg\"><\/noscript><\/sr7-bg>\n\t\t\t\t\t\t\t<sr7-txt id=\"SR7_2_1-11-12\" class=\"sr7-layer\">Ensayos sobre Inteligencia Artificial y Dise\u00f1o Tecnol\u00f3gico Responsable en colaboraci\u00f3n con <strong>Samsung<strong><\/sr7-txt>\n\t\t\t\t\t\t\t<sr7-txt id=\"SR7_2_1-11-13\" class=\"sr7-layer\">Miradas <br \/>al Ma\u00f1ana<\/sr7-txt>\n\t\t\t\t\t\t\t<a id=\"SR7_2_1-11-15\" class=\"sr7-layer\" href=\"https:\/\/vinculacion.iimas.unam.mx\/?page_id=4158\/#convocatoria\" target=\"_self\">CONVOCATORIA<\/a>\n\t\t\t\t\t\t<\/sr7-slide>\n\t\t\t\t\t\t<sr7-slide id=\"SR7_2_1-8\" data-key=\"8\">\n\t\t\t\t\t\t\t<sr7-txt id=\"SR7_2_1-8-12\" class=\"sr7-layer\">Estamos trabajando en nuestro nuevo portal. <\/sr7-txt>\n\t\t\t\t\t\t\t<sr7-txt id=\"SR7_2_1-8-13\" class=\"sr7-layer\">Vinculaci\u00f3n <br \/>IIMAS<\/sr7-txt>\n\t\t\t\t\t\t\t<a id=\"SR7_2_1-8-15\" class=\"sr7-layer\" href=\"https:\/\/vinculacion.iimas.unam.mx\/?page_id=4158\/#convocatoria\" target=\"_self\">CONVOCATORIA<\/a>\n\t\t\t\t\t\t<\/sr7-slide>\n\t\t\t\t\t\t<sr7-slide id=\"SR7_2_1-10\" data-key=\"10\">\n\t\t\t\t\t\t\t<sr7-txt id=\"SR7_2_1-10-45\" class=\"sr7-layer\"><i class=\"fa-arrow-left\"><\/i><\/sr7-txt>\n\t\t\t\t\t\t\t<sr7-txt id=\"SR7_2_1-10-48\" class=\"sr7-layer\">0{{current_slide_index}}<\/sr7-txt>\n\t\t\t\t\t\t\t<sr7-txt id=\"SR7_2_1-10-50\" class=\"sr7-layer\">\/<\/sr7-txt>\n\t\t\t\t\t\t\t<sr7-txt id=\"SR7_2_1-10-51\" class=\"sr7-layer\"><i class=\"fa-arrow-right\"><\/i><\/sr7-txt>\n\t\t\t\t\t\t<\/sr7-slide>\n\t\t\t\t\t<\/sr7-content>\n\t\t\t\t\t<image_lists style=\"display:none\">\n\t\t\t\t\t\t<img data-src=\"\/\/vinculacion.iimas.unam.mx\/wp-content\/uploads\/revslider\/home-iimas\/header-convocatoria-hd.jpeg\" data-libid=\"3415\" data-lib=\"medialibrary\" title=\"header-convocatoria-hd.jpeg\" width=\"0\" height=\"0\" data-dbsrc=\"Ly92aW5jdWxhY2lvbi5paW1hcy51bmFtLm14L3dwLWNvbnRlbnQvdXBsb2Fkcy9yZXZzbGlkZXIvaG9tZS1paW1hcy9oZWFkZXItY29udm9jYXRvcmlhLWhkLmpwZWc=\"\/>\n\t\t\t\t\t<\/image_lists>\n\t\t\t\t<\/sr7-module>\n\t\t\t\t<script>\n\t\t\t\t\twindow.SR7 ??={};SR7.PMH ??={}; SR7.PMH[\"SR7_2_1\"] = {cn:100,state:false,fn: function() { if (window._tpt!==undefined && window._tpt.prepareModuleHeight !== undefined) {  _tpt.prepareModuleHeight({id:\"SR7_2_1\",el:[900,900,768,960,720],type:'standard',shdw:'0',gh:[900,900,768,960,720],gw:[1240,1240,1024,778,480],vpt:['-100px&#039;,&#039;-100px&#039;,&#039;-100px&#039;,&#039;-100px&#039;,&#039;-100px'],size:{fullWidth:true, fullHeight:true},fho:'',mh:'0',onh:220,onw:0,bg:{color:'{\"type\":\"solid\",\"orig\":\"#e1e1e8\",\"string\":\"rgba(225, 225, 232, 1)\"}'}});   SR7.PMH[\"SR7_2_1\"].state=true;} else if(SR7.PMH[\"SR7_2_1\"].cn-->0)\tsetTimeout( SR7.PMH[\"SR7_2_1\"].fn,19);}};SR7.PMH[\"SR7_2_1\" ].fn();\n\t\t\t\t<\/script>\n<\/div><\/div><\/div><\/div><\/div><\/div><\/div><!-- cell_inner --><\/div><!-- cell --><\/div><!-- port --><div class=\"bt_bb_section_bottom_section_coverage_image\"><img decoding=\"async\" src=\"https:\/\/vinculacion.iimas.unam.mx\/wp-content\/uploads\/2020\/06\/cover_bottom_gray_noshadow_01.png\" alt=\"bt_bb_section_bottom_section_coverage_image\" \/><\/div><\/section>\n","protected":false},"excerpt":{"rendered":"","protected":false},"author":2,"featured_media":3415,"parent":0,"menu_order":0,"comment_status":"closed","ping_status":"closed","template":"","meta":{"footnotes":""},"class_list":["post-1538","page","type-page","status-publish","has-post-thumbnail","hentry"],"yoast_head":"<!-- This site is optimized with the Yoast SEO plugin v27.4 - https:\/\/yoast.com\/product\/yoast-seo-wordpress\/ -->\n<title>Inicio - Departamento de Vinculaci\u00f3n IIMAS<\/title>\n<meta name=\"description\" content=\"Bienvenidos al portal de la Unidad de Vinculaci\u00f3n del Instituto de Investigaciones en Matem\u00e1ticas Aplicadas y en Sistemas de la UNAM.\" \/>\n<meta name=\"robots\" content=\"index, follow, max-snippet:-1, max-image-preview:large, max-video-preview:-1\" \/>\n<link rel=\"canonical\" href=\"https:\/\/vinculacion.iimas.unam.mx\/\" \/>\n<meta property=\"og:locale\" content=\"es_MX\" \/>\n<meta property=\"og:type\" content=\"article\" \/>\n<meta property=\"og:title\" content=\"Inicio - Departamento de Vinculaci\u00f3n IIMAS\" \/>\n<meta property=\"og:description\" content=\"Bienvenidos al portal de la Unidad de Vinculaci\u00f3n del Instituto de Investigaciones en Matem\u00e1ticas Aplicadas y en Sistemas de la UNAM.\" \/>\n<meta property=\"og:url\" content=\"https:\/\/vinculacion.iimas.unam.mx\/\" \/>\n<meta property=\"og:site_name\" content=\"Departamento de Vinculaci\u00f3n IIMAS\" \/>\n<meta property=\"article:modified_time\" content=\"2025-10-07T02:13:46+00:00\" \/>\n<meta property=\"og:image\" content=\"https:\/\/vinculacion.iimas.unam.mx\/wp-content\/uploads\/revslider\/home-iimas\/header-convocatoria-hd.jpeg\" \/>\n\t<meta property=\"og:image:width\" content=\"1536\" \/>\n\t<meta property=\"og:image:height\" content=\"1024\" \/>\n\t<meta property=\"og:image:type\" content=\"image\/jpeg\" \/>\n<meta name=\"twitter:card\" content=\"summary_large_image\" \/>\n<meta name=\"twitter:label1\" content=\"Tiempo de lectura\" \/>\n\t<meta name=\"twitter:data1\" content=\"2 minutos\" \/>\n<script type=\"application\/ld+json\" class=\"yoast-schema-graph\">{\"@context\":\"https:\\\/\\\/schema.org\",\"@graph\":[{\"@type\":\"WebPage\",\"@id\":\"https:\\\/\\\/vinculacion.iimas.unam.mx\\\/\",\"url\":\"https:\\\/\\\/vinculacion.iimas.unam.mx\\\/\",\"name\":\"Inicio - Departamento de Vinculaci\u00f3n IIMAS\",\"isPartOf\":{\"@id\":\"https:\\\/\\\/vinculacion.iimas.unam.mx\\\/#website\"},\"primaryImageOfPage\":{\"@id\":\"https:\\\/\\\/vinculacion.iimas.unam.mx\\\/#primaryimage\"},\"image\":{\"@id\":\"https:\\\/\\\/vinculacion.iimas.unam.mx\\\/#primaryimage\"},\"thumbnailUrl\":\"https:\\\/\\\/vinculacion.iimas.unam.mx\\\/wp-content\\\/uploads\\\/revslider\\\/home-iimas\\\/header-convocatoria-hd.jpeg\",\"datePublished\":\"2018-09-10T12:46:43+00:00\",\"dateModified\":\"2025-10-07T02:13:46+00:00\",\"description\":\"Bienvenidos al portal de la Unidad de Vinculaci\u00f3n del Instituto de Investigaciones en Matem\u00e1ticas Aplicadas y en Sistemas de la UNAM.\",\"breadcrumb\":{\"@id\":\"https:\\\/\\\/vinculacion.iimas.unam.mx\\\/#breadcrumb\"},\"inLanguage\":\"es\",\"potentialAction\":[{\"@type\":\"ReadAction\",\"target\":[\"https:\\\/\\\/vinculacion.iimas.unam.mx\\\/\"]}]},{\"@type\":\"ImageObject\",\"inLanguage\":\"es\",\"@id\":\"https:\\\/\\\/vinculacion.iimas.unam.mx\\\/#primaryimage\",\"url\":\"https:\\\/\\\/vinculacion.iimas.unam.mx\\\/wp-content\\\/uploads\\\/revslider\\\/home-iimas\\\/header-convocatoria-hd.jpeg\",\"contentUrl\":\"https:\\\/\\\/vinculacion.iimas.unam.mx\\\/wp-content\\\/uploads\\\/revslider\\\/home-iimas\\\/header-convocatoria-hd.jpeg\",\"width\":1536,\"height\":1024},{\"@type\":\"BreadcrumbList\",\"@id\":\"https:\\\/\\\/vinculacion.iimas.unam.mx\\\/#breadcrumb\",\"itemListElement\":[{\"@type\":\"ListItem\",\"position\":1,\"name\":\"Inicio\",\"item\":\"https:\\\/\\\/vinculacion.iimas.unam.mx\\\/\"},{\"@type\":\"ListItem\",\"position\":2,\"name\":\"Inicio\"}]},{\"@type\":\"WebSite\",\"@id\":\"https:\\\/\\\/vinculacion.iimas.unam.mx\\\/#website\",\"url\":\"https:\\\/\\\/vinculacion.iimas.unam.mx\\\/\",\"name\":\"Departamento de Vinculaci\u00f3n IIMAS\",\"description\":\"IIMAS - UNAM\",\"potentialAction\":[{\"@type\":\"SearchAction\",\"target\":{\"@type\":\"EntryPoint\",\"urlTemplate\":\"https:\\\/\\\/vinculacion.iimas.unam.mx\\\/?s={search_term_string}\"},\"query-input\":{\"@type\":\"PropertyValueSpecification\",\"valueRequired\":true,\"valueName\":\"search_term_string\"}}],\"inLanguage\":\"es\"}]}<\/script>\n<!-- \/ Yoast SEO plugin. -->","yoast_head_json":{"title":"Inicio - Departamento de Vinculaci\u00f3n IIMAS","description":"Bienvenidos al portal de la Unidad de Vinculaci\u00f3n del Instituto de Investigaciones en Matem\u00e1ticas Aplicadas y en Sistemas de la UNAM.","robots":{"index":"index","follow":"follow","max-snippet":"max-snippet:-1","max-image-preview":"max-image-preview:large","max-video-preview":"max-video-preview:-1"},"canonical":"https:\/\/vinculacion.iimas.unam.mx\/","og_locale":"es_MX","og_type":"article","og_title":"Inicio - Departamento de Vinculaci\u00f3n IIMAS","og_description":"Bienvenidos al portal de la Unidad de Vinculaci\u00f3n del Instituto de Investigaciones en Matem\u00e1ticas Aplicadas y en Sistemas de la UNAM.","og_url":"https:\/\/vinculacion.iimas.unam.mx\/","og_site_name":"Departamento de Vinculaci\u00f3n IIMAS","article_modified_time":"2025-10-07T02:13:46+00:00","og_image":[{"width":1536,"height":1024,"url":"https:\/\/vinculacion.iimas.unam.mx\/wp-content\/uploads\/revslider\/home-iimas\/header-convocatoria-hd.jpeg","type":"image\/jpeg"}],"twitter_card":"summary_large_image","twitter_misc":{"Tiempo de lectura":"2 minutos"},"schema":{"@context":"https:\/\/schema.org","@graph":[{"@type":"WebPage","@id":"https:\/\/vinculacion.iimas.unam.mx\/","url":"https:\/\/vinculacion.iimas.unam.mx\/","name":"Inicio - Departamento de Vinculaci\u00f3n IIMAS","isPartOf":{"@id":"https:\/\/vinculacion.iimas.unam.mx\/#website"},"primaryImageOfPage":{"@id":"https:\/\/vinculacion.iimas.unam.mx\/#primaryimage"},"image":{"@id":"https:\/\/vinculacion.iimas.unam.mx\/#primaryimage"},"thumbnailUrl":"https:\/\/vinculacion.iimas.unam.mx\/wp-content\/uploads\/revslider\/home-iimas\/header-convocatoria-hd.jpeg","datePublished":"2018-09-10T12:46:43+00:00","dateModified":"2025-10-07T02:13:46+00:00","description":"Bienvenidos al portal de la Unidad de Vinculaci\u00f3n del Instituto de Investigaciones en Matem\u00e1ticas Aplicadas y en Sistemas de la UNAM.","breadcrumb":{"@id":"https:\/\/vinculacion.iimas.unam.mx\/#breadcrumb"},"inLanguage":"es","potentialAction":[{"@type":"ReadAction","target":["https:\/\/vinculacion.iimas.unam.mx\/"]}]},{"@type":"ImageObject","inLanguage":"es","@id":"https:\/\/vinculacion.iimas.unam.mx\/#primaryimage","url":"https:\/\/vinculacion.iimas.unam.mx\/wp-content\/uploads\/revslider\/home-iimas\/header-convocatoria-hd.jpeg","contentUrl":"https:\/\/vinculacion.iimas.unam.mx\/wp-content\/uploads\/revslider\/home-iimas\/header-convocatoria-hd.jpeg","width":1536,"height":1024},{"@type":"BreadcrumbList","@id":"https:\/\/vinculacion.iimas.unam.mx\/#breadcrumb","itemListElement":[{"@type":"ListItem","position":1,"name":"Inicio","item":"https:\/\/vinculacion.iimas.unam.mx\/"},{"@type":"ListItem","position":2,"name":"Inicio"}]},{"@type":"WebSite","@id":"https:\/\/vinculacion.iimas.unam.mx\/#website","url":"https:\/\/vinculacion.iimas.unam.mx\/","name":"Departamento de Vinculaci\u00f3n IIMAS","description":"IIMAS - UNAM","potentialAction":[{"@type":"SearchAction","target":{"@type":"EntryPoint","urlTemplate":"https:\/\/vinculacion.iimas.unam.mx\/?s={search_term_string}"},"query-input":{"@type":"PropertyValueSpecification","valueRequired":true,"valueName":"search_term_string"}}],"inLanguage":"es"}]}},"jetpack_sharing_enabled":true,"jetpack_shortlink":"https:\/\/wp.me\/PgR20Y-oO","_links":{"self":[{"href":"https:\/\/vinculacion.iimas.unam.mx\/index.php?rest_route=\/wp\/v2\/pages\/1538","targetHints":{"allow":["GET"]}}],"collection":[{"href":"https:\/\/vinculacion.iimas.unam.mx\/index.php?rest_route=\/wp\/v2\/pages"}],"about":[{"href":"https:\/\/vinculacion.iimas.unam.mx\/index.php?rest_route=\/wp\/v2\/types\/page"}],"author":[{"embeddable":true,"href":"https:\/\/vinculacion.iimas.unam.mx\/index.php?rest_route=\/wp\/v2\/users\/2"}],"replies":[{"embeddable":true,"href":"https:\/\/vinculacion.iimas.unam.mx\/index.php?rest_route=%2Fwp%2Fv2%2Fcomments&post=1538"}],"version-history":[{"count":2,"href":"https:\/\/vinculacion.iimas.unam.mx\/index.php?rest_route=\/wp\/v2\/pages\/1538\/revisions"}],"predecessor-version":[{"id":4143,"href":"https:\/\/vinculacion.iimas.unam.mx\/index.php?rest_route=\/wp\/v2\/pages\/1538\/revisions\/4143"}],"wp:featuredmedia":[{"embeddable":true,"href":"https:\/\/vinculacion.iimas.unam.mx\/index.php?rest_route=\/wp\/v2\/media\/3415"}],"wp:attachment":[{"href":"https:\/\/vinculacion.iimas.unam.mx\/index.php?rest_route=%2Fwp%2Fv2%2Fmedia&parent=1538"}],"curies":[{"name":"wp","href":"https:\/\/api.w.org\/{rel}","templated":true}]}}